{"id":312,"date":"2017-04-26T11:30:00","date_gmt":"2017-04-26T09:30:00","guid":{"rendered":"http:\/\/www.michelson-pflegeambulanz.de\/?page_id=312"},"modified":"2018-05-01T18:46:02","modified_gmt":"2018-05-01T16:46:02","slug":"sie-pflegen-wir-helfen","status":"publish","type":"page","link":"https:\/\/www.michelson-pflegeambulanz.de\/?page_id=312&lang=de","title":{"rendered":"Sie pflegen? Wir helfen!"},"content":{"rendered":"\n  <div class=\"banner has-hover\" id=\"banner-1959477493\">\n          <div class=\"banner-inner fill\">\n        <div class=\"banner-bg fill\" >\n                                    <div class=\"overlay\"><\/div>            \n\t<div class=\"is-border hover-slide\"\n\t\tstyle=\"border-color:rgb(173, 42, 42);border-width:0px 0px 90px 0px;\">\n\t<\/div>\n                    <\/div>\n\t\t\n        <div class=\"banner-layers container\">\n            <div class=\"fill banner-link\"><\/div>            \n   <div id=\"text-box-1008641906\" class=\"text-box banner-layer x50 md-x50 lg-x50 y100 md-y100 lg-y100 res-text\">\n                                <div class=\"text-box-content text dark\">\n              \n              <div class=\"text-inner text-center\">\n                  \n<div class=\"container section-title-container\" ><h3 class=\"section-title section-title-center\"><b><\/b><span class=\"section-title-main\" style=\"font-size:116%;\"><i class=\"icon-plus\" ><\/i>SIE PFLEGEN? WIR HELFEN!<\/span><b><\/b><\/h3><\/div>\n              <\/div>\n           <\/div>\n                            \n<style>\n#text-box-1008641906 {\n  width: 92%;\n}\n#text-box-1008641906 .text-box-content {\n  font-size: 100%;\n}\n<\/style>\n    <\/div>\n \n        <\/div>\n      <\/div>\n\n            \n<style>\n#banner-1959477493 {\n  padding-top: 60px;\n}\n#banner-1959477493 .overlay {\n  background-color: rgba(0, 0, 0, 0.17);\n}\n<\/style>\n  <\/div>\n\n\n<div class=\"is-divider divider clearfix\" ><\/div>\n\n  <div class=\"banner has-hover\" id=\"banner-829358492\">\n          <div class=\"banner-inner fill\">\n        <div class=\"banner-bg fill\" >\n                                                \n                    <\/div>\n\t\t\n        <div class=\"banner-layers container\">\n            <div class=\"fill banner-link\"><\/div>            \n   <div id=\"text-box-941708132\" class=\"text-box banner-layer x50 md-x50 lg-x50 y50 md-y50 lg-y50 res-text\">\n                                <div class=\"text-box-content text dark\">\n              \n              <div class=\"text-inner text-center\">\n                  \n<p style=\"text-align: left;\"><span style=\"color: #58585a;\">Wer sich dazu entschlie\u00dft, die Pflege von Angeh\u00f6rigen selbst zu \u00fcbernehmen, steht anfangs vor vielen Fragen oder unl\u00f6sbar erscheinenden Aufgaben. Doch f\u00fcr alles gibt es eine L\u00f6sung \u2013 wir helfen Ihnen dabei. <\/span><\/p>\n<p style=\"text-align: left;\"><span style=\"color: #58585a;\">Wir geben unsere Erfahrung bei der h\u00e4uslichen Pflege und Betreuung von alten oder kranken Menschen gern weiter. Bei unseren Schulungen bringen wir Angeh\u00f6rigen zum Beispiel bei, richtige Hebe- und Lagertechniken anzuwenden. Wir zeigen ihnen verschiedene M\u00f6glichkeiten der Mobilisierung und die sachgem\u00e4\u00dfe Verwendung von Pflege- und Hilfsmitteln. <\/span><\/p>\n<p style=\"text-align: left;\"><span style=\"color: #58585a;\">Au\u00dferdem schauen wir uns bei Begehungen vor Ort an, was sich im h\u00e4uslichen Umfeld verbessern l\u00e4sst. Wir beraten, wie Angeh\u00f6rige m\u00f6gliche Raumanpassungen wie die Beseitigung von Stufen oder den Umbau von Bad oder Schlafzimmer bei ihrer Krankenkasse beantragen k\u00f6nnen. Kurzum: Wir k\u00fcmmern uns darum, beste Bedingungen f\u00fcr die Pflege in den eigenen vier W\u00e4nden zu schaffen und stehen den Angeh\u00f6rigen jederzeit mit Rat und Tat zur Seite.<\/span><\/p>\n<div class=\"row\"  id=\"row-298696912\">\n<\/div>\n              <\/div>\n           <\/div>\n                            \n<style>\n#text-box-941708132 {\n  width: 95%;\n}\n#text-box-941708132 .text-box-content {\n  font-size: 100%;\n}\n<\/style>\n    <\/div>\n \n        <\/div>\n      <\/div>\n\n            \n<style>\n#banner-829358492 {\n  padding-top: 330px;\n  background-color: rgb(252, 240, 213);\n}\n<\/style>\n  <\/div>\n\n\n<div class=\"is-divider divider clearfix\" ><\/div>\n\n\t\t<div class=\"icon-box featured-box icon-box-top text-left\"  >\n\t\t\t\t<div class=\"icon-box-text last-reset\">\n\t\t\t\t\t\t\t\t\t\n\n  <div class=\"banner has-hover\" id=\"banner-1106299847\">\n          <div class=\"banner-inner fill\">\n        <div class=\"banner-bg fill\" >\n                                                \n\t<div class=\"is-border\"\n\t\tstyle=\"border-width:0px 0px 0px 0px;\">\n\t<\/div>\n                    <\/div>\n\t\t\n        <div class=\"banner-layers container\">\n            <div class=\"fill banner-link\"><\/div>            \n   <div id=\"text-box-1167421765\" class=\"text-box banner-layer x10 md-x10 lg-x10 y50 md-y50 lg-y50 res-text\">\n                                <div class=\"text-box-content text dark\">\n              \n              <div class=\"text-inner text-center\">\n                  \n<p style=\"text-align: left;\"><span style=\"color: #58585a;\"> Michelson Pflegeambulanz<br \/>\nIrina Michelson<br \/>\nBernhardstra\u00dfe 1<br \/>\n04315 Leipzig<br \/>\nTelefon 03 41 \/ 24 99 04 0<br \/>\nTelefax 03 41 \/ 97 47 79 8<br \/>\nInternet www.michelson-pflegeambulanz.de<br \/>\nE-Mail info[at]michelson-pflegeambulanz.de<\/span><\/p>\n              <\/div>\n           <\/div>\n                            \n<style>\n#text-box-1167421765 {\n  width: 60%;\n}\n#text-box-1167421765 .text-box-content {\n  font-size: 100%;\n}\n@media (min-width:550px) {\n  #text-box-1167421765 {\n    width: 35%;\n  }\n}\n<\/style>\n    <\/div>\n \n   <div id=\"text-box-1552205320\" class=\"text-box banner-layer x90 md-x90 lg-x90 y50 md-y50 lg-y50 res-text\">\n                                <div class=\"text-box-content text dark\">\n              \n              <div class=\"text-inner text-center\">\n                  \n\t<div class=\"img has-hover x md-x lg-x y md-y lg-y\" id=\"image_768533571\">\n\t\t\t\t\t\t<div data-animate=\"fadeInRight\">\t\t<div class=\"img-inner box-shadow-5 dark\" >\n\t\t\t<img loading=\"lazy\" decoding=\"async\" width=\"283\" height=\"172\" src=\"https:\/\/www.michelson-pflegeambulanz.de\/wp-content\/uploads\/2017\/04\/26-04-_2017_13-00-09.png\" class=\"attachment-large size-large\" alt=\"\" \/>\t\t\t\t\t\t\n\t\t\t\t\t<\/div>\n\t\t<\/div>\t\t\t\t\t\t\n<style>\n#image_768533571 {\n  width: 77%;\n}\n<\/style>\n\t<\/div>\n\t\n              <\/div>\n           <\/div>\n                            \n<style>\n#text-box-1552205320 {\n  width: 40%;\n}\n#text-box-1552205320 .text-box-content {\n  font-size: 100%;\n}\n<\/style>\n    <\/div>\n \n        <\/div>\n      <\/div>\n\n            \n<style>\n#banner-1106299847 {\n  padding-top: 300px;\n  background-color: rgb(252, 240, 213);\n}\n<\/style>\n  <\/div>\n\n\n\t\t<\/div>\n\t<\/div>\n\t\n\t\n","protected":false},"excerpt":{"rendered":"","protected":false},"author":1,"featured_media":0,"parent":0,"menu_order":0,"comment_status":"closed","ping_status":"closed","template":"","meta":{"footnotes":""},"class_list":["post-312","page","type-page","status-publish","hentry"],"yoast_head":"<!-- This site is optimized with the Yoast SEO plugin v27.5 - https:\/\/yoast.com\/product\/yoast-seo-wordpress\/ -->\n<title>Unterst\u00fctzung bei der Pflege Ihrer Angeh\u00f6rigen - wir helfen Ihnen!<\/title>\n<meta name=\"description\" content=\"Wer sich dazu entschlie\u00dft, die Pflege von Angeh\u00f6rigen selbst zu \u00fcbernehmen, steht anfangs vor vielen Fragen. Wir helfen Ihnen dabei.\" \/>\n<meta name=\"robots\" content=\"index, follow, max-snippet:-1, max-image-preview:large, max-video-preview:-1\" \/>\n<link rel=\"canonical\" href=\"https:\/\/www.michelson-pflegeambulanz.de\/?page_id=312&lang=de\" \/>\n<meta property=\"og:locale\" content=\"de_DE\" \/>\n<meta property=\"og:type\" content=\"article\" \/>\n<meta property=\"og:title\" content=\"Unterst\u00fctzung bei der Pflege Ihrer Angeh\u00f6rigen - wir helfen Ihnen!\" \/>\n<meta property=\"og:description\" content=\"Wer sich dazu entschlie\u00dft, die Pflege von Angeh\u00f6rigen selbst zu \u00fcbernehmen, steht anfangs vor vielen Fragen. Wir helfen Ihnen dabei.\" \/>\n<meta property=\"og:url\" content=\"https:\/\/www.michelson-pflegeambulanz.de\/?page_id=312&amp;lang=de\" \/>\n<meta property=\"og:site_name\" content=\"michelson-pflegeambulanz\" \/>\n<meta property=\"article:modified_time\" content=\"2018-05-01T16:46:02+00:00\" \/>\n<meta name=\"twitter:card\" content=\"summary_large_image\" \/>\n<meta name=\"twitter:label1\" content=\"Gesch\u00e4tzte Lesezeit\" \/>\n\t<meta name=\"twitter:data1\" content=\"1\u00a0Minute\" \/>\n<script type=\"application\/ld+json\" class=\"yoast-schema-graph\">{\"@context\":\"https:\\\/\\\/schema.org\",\"@graph\":[{\"@type\":\"WebPage\",\"@id\":\"https:\\\/\\\/www.michelson-pflegeambulanz.de\\\/?page_id=312&lang=de\",\"url\":\"https:\\\/\\\/www.michelson-pflegeambulanz.de\\\/?page_id=312&lang=de\",\"name\":\"Unterst\u00fctzung bei der Pflege Ihrer Angeh\u00f6rigen - wir helfen Ihnen!\",\"isPartOf\":{\"@id\":\"https:\\\/\\\/www.michelson-pflegeambulanz.de\\\/#website\"},\"datePublished\":\"2017-04-26T09:30:00+00:00\",\"dateModified\":\"2018-05-01T16:46:02+00:00\",\"description\":\"Wer sich dazu entschlie\u00dft, die Pflege von Angeh\u00f6rigen selbst zu \u00fcbernehmen, steht anfangs vor vielen Fragen. Wir helfen Ihnen dabei.\",\"breadcrumb\":{\"@id\":\"https:\\\/\\\/www.michelson-pflegeambulanz.de\\\/?page_id=312&lang=de#breadcrumb\"},\"inLanguage\":\"de\",\"potentialAction\":[{\"@type\":\"ReadAction\",\"target\":[\"https:\\\/\\\/www.michelson-pflegeambulanz.de\\\/?page_id=312&lang=de\"]}]},{\"@type\":\"BreadcrumbList\",\"@id\":\"https:\\\/\\\/www.michelson-pflegeambulanz.de\\\/?page_id=312&lang=de#breadcrumb\",\"itemListElement\":[{\"@type\":\"ListItem\",\"position\":1,\"name\":\"Startseite\",\"item\":\"https:\\\/\\\/www.michelson-pflegeambulanz.de\\\/?page_id=304&lang=de\"},{\"@type\":\"ListItem\",\"position\":2,\"name\":\"Sie pflegen? Wir helfen!\"}]},{\"@type\":\"WebSite\",\"@id\":\"https:\\\/\\\/www.michelson-pflegeambulanz.de\\\/#website\",\"url\":\"https:\\\/\\\/www.michelson-pflegeambulanz.de\\\/\",\"name\":\"michelson-pflegeambulanz\",\"description\":\"Ihr Pflegedienst in Leipzig!\",\"potentialAction\":[{\"@type\":\"SearchAction\",\"target\":{\"@type\":\"EntryPoint\",\"urlTemplate\":\"https:\\\/\\\/www.michelson-pflegeambulanz.de\\\/?s={search_term_string}\"},\"query-input\":{\"@type\":\"PropertyValueSpecification\",\"valueRequired\":true,\"valueName\":\"search_term_string\"}}],\"inLanguage\":\"de\"}]}<\/script>\n<!-- \/ Yoast SEO plugin. -->","yoast_head_json":{"title":"Unterst\u00fctzung bei der Pflege Ihrer Angeh\u00f6rigen - wir helfen Ihnen!","description":"Wer sich dazu entschlie\u00dft, die Pflege von Angeh\u00f6rigen selbst zu \u00fcbernehmen, steht anfangs vor vielen Fragen. Wir helfen Ihnen dabei.","robots":{"index":"index","follow":"follow","max-snippet":"max-snippet:-1","max-image-preview":"max-image-preview:large","max-video-preview":"max-video-preview:-1"},"canonical":"https:\/\/www.michelson-pflegeambulanz.de\/?page_id=312&lang=de","og_locale":"de_DE","og_type":"article","og_title":"Unterst\u00fctzung bei der Pflege Ihrer Angeh\u00f6rigen - wir helfen Ihnen!","og_description":"Wer sich dazu entschlie\u00dft, die Pflege von Angeh\u00f6rigen selbst zu \u00fcbernehmen, steht anfangs vor vielen Fragen. Wir helfen Ihnen dabei.","og_url":"https:\/\/www.michelson-pflegeambulanz.de\/?page_id=312&lang=de","og_site_name":"michelson-pflegeambulanz","article_modified_time":"2018-05-01T16:46:02+00:00","twitter_card":"summary_large_image","twitter_misc":{"Gesch\u00e4tzte Lesezeit":"1\u00a0Minute"},"schema":{"@context":"https:\/\/schema.org","@graph":[{"@type":"WebPage","@id":"https:\/\/www.michelson-pflegeambulanz.de\/?page_id=312&lang=de","url":"https:\/\/www.michelson-pflegeambulanz.de\/?page_id=312&lang=de","name":"Unterst\u00fctzung bei der Pflege Ihrer Angeh\u00f6rigen - wir helfen Ihnen!","isPartOf":{"@id":"https:\/\/www.michelson-pflegeambulanz.de\/#website"},"datePublished":"2017-04-26T09:30:00+00:00","dateModified":"2018-05-01T16:46:02+00:00","description":"Wer sich dazu entschlie\u00dft, die Pflege von Angeh\u00f6rigen selbst zu \u00fcbernehmen, steht anfangs vor vielen Fragen. Wir helfen Ihnen dabei.","breadcrumb":{"@id":"https:\/\/www.michelson-pflegeambulanz.de\/?page_id=312&lang=de#breadcrumb"},"inLanguage":"de","potentialAction":[{"@type":"ReadAction","target":["https:\/\/www.michelson-pflegeambulanz.de\/?page_id=312&lang=de"]}]},{"@type":"BreadcrumbList","@id":"https:\/\/www.michelson-pflegeambulanz.de\/?page_id=312&lang=de#breadcrumb","itemListElement":[{"@type":"ListItem","position":1,"name":"Startseite","item":"https:\/\/www.michelson-pflegeambulanz.de\/?page_id=304&lang=de"},{"@type":"ListItem","position":2,"name":"Sie pflegen? Wir helfen!"}]},{"@type":"WebSite","@id":"https:\/\/www.michelson-pflegeambulanz.de\/#website","url":"https:\/\/www.michelson-pflegeambulanz.de\/","name":"michelson-pflegeambulanz","description":"Ihr Pflegedienst in Leipzig!","potentialAction":[{"@type":"SearchAction","target":{"@type":"EntryPoint","urlTemplate":"https:\/\/www.michelson-pflegeambulanz.de\/?s={search_term_string}"},"query-input":{"@type":"PropertyValueSpecification","valueRequired":true,"valueName":"search_term_string"}}],"inLanguage":"de"}]}},"_links":{"self":[{"href":"https:\/\/www.michelson-pflegeambulanz.de\/index.php?rest_route=\/wp\/v2\/pages\/312","targetHints":{"allow":["GET"]}}],"collection":[{"href":"https:\/\/www.michelson-pflegeambulanz.de\/index.php?rest_route=\/wp\/v2\/pages"}],"about":[{"href":"https:\/\/www.michelson-pflegeambulanz.de\/index.php?rest_route=\/wp\/v2\/types\/page"}],"author":[{"embeddable":true,"href":"https:\/\/www.michelson-pflegeambulanz.de\/index.php?rest_route=\/wp\/v2\/users\/1"}],"replies":[{"embeddable":true,"href":"https:\/\/www.michelson-pflegeambulanz.de\/index.php?rest_route=%2Fwp%2Fv2%2Fcomments&post=312"}],"version-history":[{"count":12,"href":"https:\/\/www.michelson-pflegeambulanz.de\/index.php?rest_route=\/wp\/v2\/pages\/312\/revisions"}],"predecessor-version":[{"id":552,"href":"https:\/\/www.michelson-pflegeambulanz.de\/index.php?rest_route=\/wp\/v2\/pages\/312\/revisions\/552"}],"wp:attachment":[{"href":"https:\/\/www.michelson-pflegeambulanz.de\/index.php?rest_route=%2Fwp%2Fv2%2Fmedia&parent=312"}],"curies":[{"name":"wp","href":"https:\/\/api.w.org\/{rel}","templated":true}]}}