{"id":320,"date":"2017-04-26T11:30:36","date_gmt":"2017-04-26T09:30:36","guid":{"rendered":"http:\/\/www.michelson-pflegeambulanz.de\/?page_id=320"},"modified":"2018-03-31T12:42:41","modified_gmt":"2018-03-31T10:42:41","slug":"impressum","status":"publish","type":"page","link":"https:\/\/www.michelson-pflegeambulanz.de\/?page_id=320&lang=de","title":{"rendered":"Impressum"},"content":{"rendered":"<div class=\"is-divider divider clearfix\" ><\/div>\n\n  <div class=\"banner has-hover\" id=\"banner-670416538\">\n          <div class=\"banner-inner fill\">\n        <div class=\"banner-bg fill\" >\n                                                \n                    <\/div>\n\t\t\n        <div class=\"banner-layers container\">\n            <div class=\"fill banner-link\"><\/div>            \n   <div id=\"text-box-1616126106\" class=\"text-box banner-layer x50 md-x50 lg-x50 y50 md-y50 lg-y50 res-text\">\n                                <div class=\"text-box-content text dark\">\n              \n              <div class=\"text-inner text-center\">\n                  \n<header class=\"csc-header csc-header-n1\">\n<h4 style=\"text-align: left;\"><span style=\"color: #c0002b;\">IMPRESSUM<\/span><\/h4>\n<h4 style=\"text-align: left;\"><span style=\"font-size: 85%;\"><span style=\"color: #c0002b;\">Inhaltlich verantwortlich gem\u00e4\u00df \u00a7 5 TMG<\/span><\/span><\/h4>\n<p style=\"text-align: left;\"><span style=\"color: #58585a;\">Michelson Pflegeambulanz GmbH<br \/>\nGesch\u00e4ftsf\u00fchrerin: Irina Michelson<\/span><\/p>\n<p style=\"text-align: left;\"><span style=\"color: #000000;\">Datenschutzbeauftragter: Peter Gerzen<\/span><\/p>\n<p style=\"text-align: left;\"><span style=\"color: #58585a;\">Handelsregisternummer<br \/>\nAmtsgericht Leipzig HRB 30629<\/span><\/p>\n<p style=\"text-align: left;\"><span style=\"color: #58585a;\">IK 461470307 \/ SGB V<br \/>\nIK 461470114 \/ SGB XI<\/span><\/p>\n<p style=\"text-align: left;\"><span style=\"color: #58585a;\">Bernhardstra\u00dfe 1<br \/>\n04315 Leipzig<\/span><\/p>\n<p style=\"text-align: left;\"><span style=\"color: #58585a;\">Telefon 03 41 \/ 24 99 04 0<br \/>\nTelefax 03 41 \/ 97 47 79 8<br \/>\nInternet www.michelson-pflegeambulanz.de<br \/>\nE-Mail info[at]michelson-pflegeambulanz.de<\/span><\/p>\n<h1 class=\"csc-firstHeader\" style=\"text-align: left;\"><\/h1>\n<h4 style=\"text-align: left;\"><span style=\"font-size: 85%;\"><span style=\"color: #c0002b;\">Haftungshinweis f\u00fcr externe Links<\/span><\/span><\/h4>\n<p style=\"text-align: left;\"><span style=\"color: #58585a;\">Trotz sorgf\u00e4ltiger inhaltlicher Kontrolle \u00fcbernehmen wir keine Haftung f\u00fcr die Inhalte externer Links. F\u00fcr den Inhalt der verlinkten Seiten sind ausschlie\u00dflich deren Betreiber verantwortlich.<\/span><\/p>\n<h4 style=\"text-align: left;\"><span style=\"font-size: 85%;\"><span style=\"color: #c0002b;\">Gestaltung und Realisierung<\/span><\/span><\/h4>\n<p style=\"text-align: left;\"><span style=\"color: #58585a;\">Behringer Kommunikation &amp; Design GmbH<br \/>\nBerliner Stra\u00dfe 57<br \/>\n14467 Potsdam<\/span><\/p>\n<p style=\"text-align: left;\"><span style=\"color: #58585a;\">Telefon 0331 &#8211; 70 41 70<br \/>\nTelefax 0331 &#8211; 70 41 77 7<br \/>\nE-Mail info[at]behringer-unternehmenskommunikation.de<br \/>\nInternet www.behringer-unternehmenskommunikation.de<\/span><\/p>\n<\/header>\n<div class=\"row\"  id=\"row-818703958\">\n<\/div>\n              <\/div>\n           <\/div>\n                            \n<style>\n#text-box-1616126106 {\n  width: 95%;\n}\n#text-box-1616126106 .text-box-content {\n  font-size: 100%;\n}\n<\/style>\n    <\/div>\n \n        <\/div>\n      <\/div>\n\n            \n<style>\n#banner-670416538 {\n  padding-top: 1050px;\n  background-color: rgb(252, 240, 213);\n}\n<\/style>\n  <\/div>\n\n\n<div class=\"is-divider divider clearfix\" ><\/div>\n\n\t\t<div class=\"icon-box featured-box icon-box-top text-left\"  >\n\t\t\t\t<div class=\"icon-box-text last-reset\">\n\t\t\t\t\t\t\t\t\t\n\n  <div class=\"banner has-hover\" id=\"banner-831987400\">\n          <div class=\"banner-inner fill\">\n        <div class=\"banner-bg fill\" >\n                                                \n\t<div class=\"is-border\"\n\t\tstyle=\"border-width:0px 0px 0px 0px;\">\n\t<\/div>\n                    <\/div>\n\t\t\n        <div class=\"banner-layers container\">\n            <div class=\"fill banner-link\"><\/div>            \n   <div id=\"text-box-1719144180\" class=\"text-box banner-layer x10 md-x10 lg-x10 y50 md-y50 lg-y50 res-text\">\n                                <div class=\"text-box-content text dark\">\n              \n              <div class=\"text-inner text-center\">\n                  \n<p style=\"text-align: left;\"><span style=\"color: #58585a;\"> Michelson Pflegeambulanz<br \/>\nIrina Michelson<br \/>\nBernhardstra\u00dfe 1<br \/>\n04315 Leipzig<br \/>\nTelefon 03 41 \/ 24 99 04 0<br \/>\nTelefax 03 41 \/ 97 47 79 8<br \/>\nInternet www.michelson-pflegeambulanz.de<br \/>\nE-Mail info[at]michelson-pflegeambulanz.de<\/span><\/p>\n              <\/div>\n           <\/div>\n                            \n<style>\n#text-box-1719144180 {\n  width: 60%;\n}\n#text-box-1719144180 .text-box-content {\n  font-size: 100%;\n}\n@media (min-width:550px) {\n  #text-box-1719144180 {\n    width: 35%;\n  }\n}\n<\/style>\n    <\/div>\n \n   <div id=\"text-box-1368729819\" class=\"text-box banner-layer x90 md-x90 lg-x90 y50 md-y50 lg-y50 res-text\">\n                                <div class=\"text-box-content text dark\">\n              \n              <div class=\"text-inner text-center\">\n                  \n\t<div class=\"img has-hover x md-x lg-x y md-y lg-y\" id=\"image_2133659753\">\n\t\t\t\t\t\t<div data-animate=\"fadeInRight\">\t\t<div class=\"img-inner box-shadow-5 dark\" >\n\t\t\t<img loading=\"lazy\" decoding=\"async\" width=\"283\" height=\"172\" src=\"https:\/\/www.michelson-pflegeambulanz.de\/wp-content\/uploads\/2017\/04\/26-04-_2017_13-00-09.png\" class=\"attachment-large size-large\" alt=\"\" \/>\t\t\t\t\t\t\n\t\t\t\t\t<\/div>\n\t\t<\/div>\t\t\t\t\t\t\n<style>\n#image_2133659753 {\n  width: 77%;\n}\n<\/style>\n\t<\/div>\n\t\n              <\/div>\n           <\/div>\n                            \n<style>\n#text-box-1368729819 {\n  width: 40%;\n}\n#text-box-1368729819 .text-box-content {\n  font-size: 100%;\n}\n<\/style>\n    <\/div>\n \n        <\/div>\n      <\/div>\n\n            \n<style>\n#banner-831987400 {\n  padding-top: 300px;\n  background-color: rgb(252, 240, 213);\n}\n<\/style>\n  <\/div>\n\n\n\t\t<\/div>\n\t<\/div>\n\t\n\t\n","protected":false},"excerpt":{"rendered":"","protected":false},"author":1,"featured_media":0,"parent":0,"menu_order":0,"comment_status":"closed","ping_status":"closed","template":"","meta":{"footnotes":""},"class_list":["post-320","page","type-page","status-publish","hentry"],"yoast_head":"<!-- This site is optimized with the Yoast SEO plugin v27.5 - https:\/\/yoast.com\/product\/yoast-seo-wordpress\/ -->\n<title>Impressum - michelson-pflegeambulanz<\/title>\n<meta name=\"description\" content=\"Impressum Michelson Pflegeambulanz Irina Michelson Bernhardstra\u00dfe 1 04315 Leipzig\" \/>\n<meta name=\"robots\" content=\"index, follow, max-snippet:-1, max-image-preview:large, max-video-preview:-1\" \/>\n<link rel=\"canonical\" href=\"https:\/\/www.michelson-pflegeambulanz.de\/?page_id=320&lang=de\" \/>\n<meta property=\"og:locale\" content=\"de_DE\" \/>\n<meta property=\"og:type\" content=\"article\" \/>\n<meta property=\"og:title\" content=\"Impressum - michelson-pflegeambulanz\" \/>\n<meta property=\"og:description\" content=\"Impressum Michelson Pflegeambulanz Irina Michelson Bernhardstra\u00dfe 1 04315 Leipzig\" \/>\n<meta property=\"og:url\" content=\"https:\/\/www.michelson-pflegeambulanz.de\/?page_id=320&amp;lang=de\" \/>\n<meta property=\"og:site_name\" content=\"michelson-pflegeambulanz\" \/>\n<meta property=\"article:modified_time\" content=\"2018-03-31T10:42:41+00:00\" \/>\n<meta name=\"twitter:card\" content=\"summary_large_image\" \/>\n<meta name=\"twitter:label1\" content=\"Gesch\u00e4tzte Lesezeit\" \/>\n\t<meta name=\"twitter:data1\" content=\"1\u00a0Minute\" \/>\n<script type=\"application\/ld+json\" class=\"yoast-schema-graph\">{\"@context\":\"https:\\\/\\\/schema.org\",\"@graph\":[{\"@type\":\"WebPage\",\"@id\":\"https:\\\/\\\/www.michelson-pflegeambulanz.de\\\/?page_id=320&lang=de\",\"url\":\"https:\\\/\\\/www.michelson-pflegeambulanz.de\\\/?page_id=320&lang=de\",\"name\":\"Impressum - michelson-pflegeambulanz\",\"isPartOf\":{\"@id\":\"https:\\\/\\\/www.michelson-pflegeambulanz.de\\\/#website\"},\"datePublished\":\"2017-04-26T09:30:36+00:00\",\"dateModified\":\"2018-03-31T10:42:41+00:00\",\"description\":\"Impressum Michelson Pflegeambulanz Irina Michelson Bernhardstra\u00dfe 1 04315 Leipzig\",\"breadcrumb\":{\"@id\":\"https:\\\/\\\/www.michelson-pflegeambulanz.de\\\/?page_id=320&lang=de#breadcrumb\"},\"inLanguage\":\"de\",\"potentialAction\":[{\"@type\":\"ReadAction\",\"target\":[\"https:\\\/\\\/www.michelson-pflegeambulanz.de\\\/?page_id=320&lang=de\"]}]},{\"@type\":\"BreadcrumbList\",\"@id\":\"https:\\\/\\\/www.michelson-pflegeambulanz.de\\\/?page_id=320&lang=de#breadcrumb\",\"itemListElement\":[{\"@type\":\"ListItem\",\"position\":1,\"name\":\"Startseite\",\"item\":\"https:\\\/\\\/www.michelson-pflegeambulanz.de\\\/?page_id=304&lang=de\"},{\"@type\":\"ListItem\",\"position\":2,\"name\":\"Impressum\"}]},{\"@type\":\"WebSite\",\"@id\":\"https:\\\/\\\/www.michelson-pflegeambulanz.de\\\/#website\",\"url\":\"https:\\\/\\\/www.michelson-pflegeambulanz.de\\\/\",\"name\":\"michelson-pflegeambulanz\",\"description\":\"Ihr Pflegedienst in Leipzig!\",\"potentialAction\":[{\"@type\":\"SearchAction\",\"target\":{\"@type\":\"EntryPoint\",\"urlTemplate\":\"https:\\\/\\\/www.michelson-pflegeambulanz.de\\\/?s={search_term_string}\"},\"query-input\":{\"@type\":\"PropertyValueSpecification\",\"valueRequired\":true,\"valueName\":\"search_term_string\"}}],\"inLanguage\":\"de\"}]}<\/script>\n<!-- \/ Yoast SEO plugin. -->","yoast_head_json":{"title":"Impressum - michelson-pflegeambulanz","description":"Impressum Michelson Pflegeambulanz Irina Michelson Bernhardstra\u00dfe 1 04315 Leipzig","robots":{"index":"index","follow":"follow","max-snippet":"max-snippet:-1","max-image-preview":"max-image-preview:large","max-video-preview":"max-video-preview:-1"},"canonical":"https:\/\/www.michelson-pflegeambulanz.de\/?page_id=320&lang=de","og_locale":"de_DE","og_type":"article","og_title":"Impressum - michelson-pflegeambulanz","og_description":"Impressum Michelson Pflegeambulanz Irina Michelson Bernhardstra\u00dfe 1 04315 Leipzig","og_url":"https:\/\/www.michelson-pflegeambulanz.de\/?page_id=320&lang=de","og_site_name":"michelson-pflegeambulanz","article_modified_time":"2018-03-31T10:42:41+00:00","twitter_card":"summary_large_image","twitter_misc":{"Gesch\u00e4tzte Lesezeit":"1\u00a0Minute"},"schema":{"@context":"https:\/\/schema.org","@graph":[{"@type":"WebPage","@id":"https:\/\/www.michelson-pflegeambulanz.de\/?page_id=320&lang=de","url":"https:\/\/www.michelson-pflegeambulanz.de\/?page_id=320&lang=de","name":"Impressum - michelson-pflegeambulanz","isPartOf":{"@id":"https:\/\/www.michelson-pflegeambulanz.de\/#website"},"datePublished":"2017-04-26T09:30:36+00:00","dateModified":"2018-03-31T10:42:41+00:00","description":"Impressum Michelson Pflegeambulanz Irina Michelson Bernhardstra\u00dfe 1 04315 Leipzig","breadcrumb":{"@id":"https:\/\/www.michelson-pflegeambulanz.de\/?page_id=320&lang=de#breadcrumb"},"inLanguage":"de","potentialAction":[{"@type":"ReadAction","target":["https:\/\/www.michelson-pflegeambulanz.de\/?page_id=320&lang=de"]}]},{"@type":"BreadcrumbList","@id":"https:\/\/www.michelson-pflegeambulanz.de\/?page_id=320&lang=de#breadcrumb","itemListElement":[{"@type":"ListItem","position":1,"name":"Startseite","item":"https:\/\/www.michelson-pflegeambulanz.de\/?page_id=304&lang=de"},{"@type":"ListItem","position":2,"name":"Impressum"}]},{"@type":"WebSite","@id":"https:\/\/www.michelson-pflegeambulanz.de\/#website","url":"https:\/\/www.michelson-pflegeambulanz.de\/","name":"michelson-pflegeambulanz","description":"Ihr Pflegedienst in Leipzig!","potentialAction":[{"@type":"SearchAction","target":{"@type":"EntryPoint","urlTemplate":"https:\/\/www.michelson-pflegeambulanz.de\/?s={search_term_string}"},"query-input":{"@type":"PropertyValueSpecification","valueRequired":true,"valueName":"search_term_string"}}],"inLanguage":"de"}]}},"_links":{"self":[{"href":"https:\/\/www.michelson-pflegeambulanz.de\/index.php?rest_route=\/wp\/v2\/pages\/320","targetHints":{"allow":["GET"]}}],"collection":[{"href":"https:\/\/www.michelson-pflegeambulanz.de\/index.php?rest_route=\/wp\/v2\/pages"}],"about":[{"href":"https:\/\/www.michelson-pflegeambulanz.de\/index.php?rest_route=\/wp\/v2\/types\/page"}],"author":[{"embeddable":true,"href":"https:\/\/www.michelson-pflegeambulanz.de\/index.php?rest_route=\/wp\/v2\/users\/1"}],"replies":[{"embeddable":true,"href":"https:\/\/www.michelson-pflegeambulanz.de\/index.php?rest_route=%2Fwp%2Fv2%2Fcomments&post=320"}],"version-history":[{"count":6,"href":"https:\/\/www.michelson-pflegeambulanz.de\/index.php?rest_route=\/wp\/v2\/pages\/320\/revisions"}],"predecessor-version":[{"id":539,"href":"https:\/\/www.michelson-pflegeambulanz.de\/index.php?rest_route=\/wp\/v2\/pages\/320\/revisions\/539"}],"wp:attachment":[{"href":"https:\/\/www.michelson-pflegeambulanz.de\/index.php?rest_route=%2Fwp%2Fv2%2Fmedia&parent=320"}],"curies":[{"name":"wp","href":"https:\/\/api.w.org\/{rel}","templated":true}]}}