{"id":441,"date":"2017-04-26T14:57:32","date_gmt":"2017-04-26T12:57:32","guid":{"rendered":"http:\/\/www.michelson-pflegeambulanz.de\/?page_id=441"},"modified":"2017-04-26T15:03:35","modified_gmt":"2017-04-26T13:03:35","slug":"%d0%be-%d1%81%d0%b0%d0%b9%d1%82%d0%b5","status":"publish","type":"page","link":"https:\/\/www.michelson-pflegeambulanz.de\/?page_id=441&lang=ru","title":{"rendered":"\u041e \u0441\u0430\u0439\u0442\u0435"},"content":{"rendered":"<div class=\"is-divider divider clearfix\" ><\/div>\n\n  <div class=\"banner has-hover\" id=\"banner-474616091\">\n          <div class=\"banner-inner fill\">\n        <div class=\"banner-bg fill\" >\n                                                \n                    <\/div>\n\t\t\n        <div class=\"banner-layers container\">\n            <div class=\"fill banner-link\"><\/div>            \n   <div id=\"text-box-452983124\" class=\"text-box banner-layer x50 md-x50 lg-x50 y50 md-y50 lg-y50 res-text\">\n                                <div class=\"text-box-content text dark\">\n              \n              <div class=\"text-inner text-center\">\n                  \n<header class=\"csc-header csc-header-n1\">\n<h4 style=\"text-align: left;\"><span style=\"color: #c0002b;\">\u041e \u0421\u0410\u0419\u0422\u0415<\/span><\/h4>\n<h4 style=\"text-align: left;\"><span style=\"font-size: 85%;\"><span style=\"color: #c0002b;\">Inhaltlich verantwortlich gem\u00e4\u00df \u00a7 5 TMG<\/span><\/span><\/h4>\n<p style=\"text-align: left;\"><font color=\"#58585a\">Michelson Pflegeambulanz GmbH<br \/>Gesch\u00e4ftsf\u00fchrerin: Irina Michelson<\/p>\n<p style=\"text-align: left;\"><font color=\"#58585a\">Handelsregisternummer <br \/>Amtsgericht Leipzig HRB 30629<\/p>\n<p style=\"text-align: left;\"><font color=\"#58585a\">IK 461470307 \/ SGB V<br \/>IK 461470114 \/ SGB XI<\/p>\n<p style=\"text-align: left;\"><font color=\"#58585a\">Bernhardstra\u00dfe 1<br \/>04315 Leipzig<\/p>\n<p style=\"text-align: left;\"><font color=\"#58585a\">Telefon 03 41 \/ 24 99 04 0<br \/>Telefax 03 41 \/ 97 47 79 8<br \/>Internet www.michelson-pflegeambulanz.de<br \/>E-Mail info[at]michelson-pflegeambulanz.de<\/p>\n<h1 class=\"csc-firstHeader\" style=\"text-align: left;\">\u00a0<\/h1>\n<h4 style=\"text-align: left;\"><span style=\"font-size: 85%;\"><span style=\"color: #c0002b;\">Haftungshinweis f\u00fcr externe Links<\/span><\/span><\/h4>\n<p style=\"text-align: left;\"><font color=\"#58585a\">Trotz sorgf\u00e4ltiger inhaltlicher Kontrolle \u00fcbernehmen wir keine Haftung f\u00fcr die Inhalte externer Links. F\u00fcr den Inhalt der verlinkten Seiten sind ausschlie\u00dflich deren Betreiber verantwortlich.<\/p>\n<h4 style=\"text-align: left;\"><span style=\"font-size: 85%;\"><span style=\"color: #c0002b;\">Gestaltung und Realisierung<\/span><\/span><\/h4>\n<p style=\"text-align: left;\"><font color=\"#58585a\">Behringer Kommunikation &amp; Design GmbH<br \/>Berliner Stra\u00dfe 57<br \/>14467 Potsdam<\/p>\n<p style=\"text-align: left;\"><font color=\"#58585a\">Telefon 0331 &#8211; 70 41 70<br \/>Telefax 0331 &#8211; 70 41 77 7<br \/>E-Mail info[at]behringer-unternehmenskommunikation.de<br \/>Internet www.behringer-unternehmenskommunikation.de<\/p>\n<\/header>\n<div class=\"row\"  id=\"row-188462936\">\n<\/div>\n              <\/div>\n           <\/div>\n                            \n<style>\n#text-box-452983124 {\n  width: 95%;\n}\n#text-box-452983124 .text-box-content {\n  font-size: 100%;\n}\n<\/style>\n    <\/div>\n \n        <\/div>\n      <\/div>\n\n            \n<style>\n#banner-474616091 {\n  padding-top: 1050px;\n  background-color: rgb(252, 240, 213);\n}\n<\/style>\n  <\/div>\n\n\n<div class=\"is-divider divider clearfix\" ><\/div>\n\n\t\t<div class=\"icon-box featured-box icon-box-top text-left\"  >\n\t\t\t\t<div class=\"icon-box-text last-reset\">\n\t\t\t\t\t\t\t\t\t\n\n  <div class=\"banner has-hover\" id=\"banner-2120540020\">\n          <div class=\"banner-inner fill\">\n        <div class=\"banner-bg fill\" >\n                                                \n\t<div class=\"is-border\"\n\t\tstyle=\"border-width:0px 0px 0px 0px;\">\n\t<\/div>\n                    <\/div>\n\t\t\n        <div class=\"banner-layers container\">\n            <div class=\"fill banner-link\"><\/div>            \n   <div id=\"text-box-139243470\" class=\"text-box banner-layer x10 md-x10 lg-x10 y50 md-y50 lg-y50 res-text\">\n                                <div class=\"text-box-content text dark\">\n              \n              <div class=\"text-inner text-center\">\n                  \n<p style=\"text-align: left;\"><span style=\"color: #58585a;\"> \u0421\u043b\u0443\u0436\u0431\u0430 \u043f\u043e \u0443\u0445\u043e\u0434\u0443 Pflegedienst Michelson<br \/>\n\u0418\u0440\u0438\u043d\u0430 \u041c\u0438\u0445\u0435\u043b\u044c\u0437\u043e\u043d<br \/>\nBernhardstra\u00dfe 1<br \/>\n04315 Leipzig<br \/>\nTelefon\t03 41 \/ 24 99 04 0<br \/>\nTelefax\t03 41 \/ 97 47 79 8<br \/>\nInternet\twww.michelson-pflegeambulanz.de<br \/>\nE-Mail\tinfo[at]michelson-pflegeambulanz.de<\/span><\/p>\n              <\/div>\n           <\/div>\n                            \n<style>\n#text-box-139243470 {\n  width: 60%;\n}\n#text-box-139243470 .text-box-content {\n  font-size: 100%;\n}\n@media (min-width:550px) {\n  #text-box-139243470 {\n    width: 35%;\n  }\n}\n<\/style>\n    <\/div>\n \n   <div id=\"text-box-862581498\" class=\"text-box banner-layer x90 md-x90 lg-x90 y50 md-y50 lg-y50 res-text\">\n                                <div class=\"text-box-content text dark\">\n              \n              <div class=\"text-inner text-center\">\n                  \n\t<div class=\"img has-hover x md-x lg-x y md-y lg-y\" id=\"image_976763831\">\n\t\t\t\t\t\t<div data-animate=\"fadeInRight\">\t\t<div class=\"img-inner box-shadow-5 dark\" >\n\t\t\t<img loading=\"lazy\" decoding=\"async\" width=\"283\" height=\"172\" src=\"https:\/\/www.michelson-pflegeambulanz.de\/wp-content\/uploads\/2017\/04\/26-04-_2017_13-00-09.png\" class=\"attachment-large size-large\" alt=\"\" \/>\t\t\t\t\t\t\n\t\t\t\t\t<\/div>\n\t\t<\/div>\t\t\t\t\t\t\n<style>\n#image_976763831 {\n  width: 77%;\n}\n<\/style>\n\t<\/div>\n\t\n              <\/div>\n           <\/div>\n                            \n<style>\n#text-box-862581498 {\n  width: 40%;\n}\n#text-box-862581498 .text-box-content {\n  font-size: 100%;\n}\n<\/style>\n    <\/div>\n \n        <\/div>\n      <\/div>\n\n            \n<style>\n#banner-2120540020 {\n  padding-top: 300px;\n  background-color: rgb(252, 240, 213);\n}\n<\/style>\n  <\/div>\n\n\n\t\t<\/div>\n\t<\/div>\n\t\n\t\n","protected":false},"excerpt":{"rendered":"","protected":false},"author":1,"featured_media":0,"parent":0,"menu_order":0,"comment_status":"closed","ping_status":"closed","template":"","meta":{"footnotes":""},"class_list":["post-441","page","type-page","status-publish","hentry"],"yoast_head":"<!-- This site is optimized with the Yoast SEO plugin v27.5 - https:\/\/yoast.com\/product\/yoast-seo-wordpress\/ -->\n<title>\u041e \u0441\u0430\u0439\u0442\u0435 - michelson-pflegeambulanz<\/title>\n<meta name=\"robots\" content=\"index, follow, max-snippet:-1, max-image-preview:large, max-video-preview:-1\" \/>\n<link rel=\"canonical\" href=\"https:\/\/www.michelson-pflegeambulanz.de\/?page_id=441&lang=ru\" \/>\n<meta property=\"og:locale\" content=\"de_DE\" \/>\n<meta property=\"og:type\" content=\"article\" \/>\n<meta property=\"og:title\" content=\"\u041e \u0441\u0430\u0439\u0442\u0435 - michelson-pflegeambulanz\" \/>\n<meta property=\"og:url\" content=\"https:\/\/www.michelson-pflegeambulanz.de\/?page_id=441&amp;lang=ru\" \/>\n<meta property=\"og:site_name\" content=\"michelson-pflegeambulanz\" \/>\n<meta property=\"article:modified_time\" content=\"2017-04-26T13:03:35+00:00\" \/>\n<meta name=\"twitter:card\" content=\"summary_large_image\" \/>\n<meta name=\"twitter:label1\" content=\"Gesch\u00e4tzte Lesezeit\" \/>\n\t<meta name=\"twitter:data1\" content=\"1\u00a0Minute\" \/>\n<script type=\"application\/ld+json\" class=\"yoast-schema-graph\">{\"@context\":\"https:\\\/\\\/schema.org\",\"@graph\":[{\"@type\":\"WebPage\",\"@id\":\"https:\\\/\\\/www.michelson-pflegeambulanz.de\\\/?page_id=441&lang=ru\",\"url\":\"https:\\\/\\\/www.michelson-pflegeambulanz.de\\\/?page_id=441&lang=ru\",\"name\":\"\u041e \u0441\u0430\u0439\u0442\u0435 - michelson-pflegeambulanz\",\"isPartOf\":{\"@id\":\"https:\\\/\\\/www.michelson-pflegeambulanz.de\\\/#website\"},\"datePublished\":\"2017-04-26T12:57:32+00:00\",\"dateModified\":\"2017-04-26T13:03:35+00:00\",\"breadcrumb\":{\"@id\":\"https:\\\/\\\/www.michelson-pflegeambulanz.de\\\/?page_id=441&lang=ru#breadcrumb\"},\"inLanguage\":\"de\",\"potentialAction\":[{\"@type\":\"ReadAction\",\"target\":[\"https:\\\/\\\/www.michelson-pflegeambulanz.de\\\/?page_id=441&lang=ru\"]}]},{\"@type\":\"BreadcrumbList\",\"@id\":\"https:\\\/\\\/www.michelson-pflegeambulanz.de\\\/?page_id=441&lang=ru#breadcrumb\",\"itemListElement\":[{\"@type\":\"ListItem\",\"position\":1,\"name\":\"Startseite\",\"item\":\"https:\\\/\\\/www.michelson-pflegeambulanz.de\\\/?page_id=304&lang=de\"},{\"@type\":\"ListItem\",\"position\":2,\"name\":\"\u041e \u0441\u0430\u0439\u0442\u0435\"}]},{\"@type\":\"WebSite\",\"@id\":\"https:\\\/\\\/www.michelson-pflegeambulanz.de\\\/#website\",\"url\":\"https:\\\/\\\/www.michelson-pflegeambulanz.de\\\/\",\"name\":\"michelson-pflegeambulanz\",\"description\":\"Ihr Pflegedienst in Leipzig!\",\"potentialAction\":[{\"@type\":\"SearchAction\",\"target\":{\"@type\":\"EntryPoint\",\"urlTemplate\":\"https:\\\/\\\/www.michelson-pflegeambulanz.de\\\/?s={search_term_string}\"},\"query-input\":{\"@type\":\"PropertyValueSpecification\",\"valueRequired\":true,\"valueName\":\"search_term_string\"}}],\"inLanguage\":\"de\"}]}<\/script>\n<!-- \/ Yoast SEO plugin. -->","yoast_head_json":{"title":"\u041e \u0441\u0430\u0439\u0442\u0435 - michelson-pflegeambulanz","robots":{"index":"index","follow":"follow","max-snippet":"max-snippet:-1","max-image-preview":"max-image-preview:large","max-video-preview":"max-video-preview:-1"},"canonical":"https:\/\/www.michelson-pflegeambulanz.de\/?page_id=441&lang=ru","og_locale":"de_DE","og_type":"article","og_title":"\u041e \u0441\u0430\u0439\u0442\u0435 - michelson-pflegeambulanz","og_url":"https:\/\/www.michelson-pflegeambulanz.de\/?page_id=441&lang=ru","og_site_name":"michelson-pflegeambulanz","article_modified_time":"2017-04-26T13:03:35+00:00","twitter_card":"summary_large_image","twitter_misc":{"Gesch\u00e4tzte Lesezeit":"1\u00a0Minute"},"schema":{"@context":"https:\/\/schema.org","@graph":[{"@type":"WebPage","@id":"https:\/\/www.michelson-pflegeambulanz.de\/?page_id=441&lang=ru","url":"https:\/\/www.michelson-pflegeambulanz.de\/?page_id=441&lang=ru","name":"\u041e \u0441\u0430\u0439\u0442\u0435 - michelson-pflegeambulanz","isPartOf":{"@id":"https:\/\/www.michelson-pflegeambulanz.de\/#website"},"datePublished":"2017-04-26T12:57:32+00:00","dateModified":"2017-04-26T13:03:35+00:00","breadcrumb":{"@id":"https:\/\/www.michelson-pflegeambulanz.de\/?page_id=441&lang=ru#breadcrumb"},"inLanguage":"de","potentialAction":[{"@type":"ReadAction","target":["https:\/\/www.michelson-pflegeambulanz.de\/?page_id=441&lang=ru"]}]},{"@type":"BreadcrumbList","@id":"https:\/\/www.michelson-pflegeambulanz.de\/?page_id=441&lang=ru#breadcrumb","itemListElement":[{"@type":"ListItem","position":1,"name":"Startseite","item":"https:\/\/www.michelson-pflegeambulanz.de\/?page_id=304&lang=de"},{"@type":"ListItem","position":2,"name":"\u041e \u0441\u0430\u0439\u0442\u0435"}]},{"@type":"WebSite","@id":"https:\/\/www.michelson-pflegeambulanz.de\/#website","url":"https:\/\/www.michelson-pflegeambulanz.de\/","name":"michelson-pflegeambulanz","description":"Ihr Pflegedienst in Leipzig!","potentialAction":[{"@type":"SearchAction","target":{"@type":"EntryPoint","urlTemplate":"https:\/\/www.michelson-pflegeambulanz.de\/?s={search_term_string}"},"query-input":{"@type":"PropertyValueSpecification","valueRequired":true,"valueName":"search_term_string"}}],"inLanguage":"de"}]}},"_links":{"self":[{"href":"https:\/\/www.michelson-pflegeambulanz.de\/index.php?rest_route=\/wp\/v2\/pages\/441","targetHints":{"allow":["GET"]}}],"collection":[{"href":"https:\/\/www.michelson-pflegeambulanz.de\/index.php?rest_route=\/wp\/v2\/pages"}],"about":[{"href":"https:\/\/www.michelson-pflegeambulanz.de\/index.php?rest_route=\/wp\/v2\/types\/page"}],"author":[{"embeddable":true,"href":"https:\/\/www.michelson-pflegeambulanz.de\/index.php?rest_route=\/wp\/v2\/users\/1"}],"replies":[{"embeddable":true,"href":"https:\/\/www.michelson-pflegeambulanz.de\/index.php?rest_route=%2Fwp%2Fv2%2Fcomments&post=441"}],"version-history":[{"count":2,"href":"https:\/\/www.michelson-pflegeambulanz.de\/index.php?rest_route=\/wp\/v2\/pages\/441\/revisions"}],"predecessor-version":[{"id":465,"href":"https:\/\/www.michelson-pflegeambulanz.de\/index.php?rest_route=\/wp\/v2\/pages\/441\/revisions\/465"}],"wp:attachment":[{"href":"https:\/\/www.michelson-pflegeambulanz.de\/index.php?rest_route=%2Fwp%2Fv2%2Fmedia&parent=441"}],"curies":[{"name":"wp","href":"https:\/\/api.w.org\/{rel}","templated":true}]}}